{"id":6452,"date":"2024-07-25T20:39:51","date_gmt":"2024-07-25T17:39:51","guid":{"rendered":"https:\/\/mazamezotnespils.lv\/about-us\/"},"modified":"2024-11-17T20:51:16","modified_gmt":"2024-11-17T18:51:16","slug":"about-us","status":"publish","type":"page","link":"https:\/\/mazamezotnespils.lv\/en\/about-us\/","title":{"rendered":"About us"},"content":{"rendered":"\t\t<div data-elementor-type=\"wp-page\" data-elementor-id=\"6452\" class=\"elementor elementor-6452 elementor-3045\" data-elementor-post-type=\"page\">\n\t\t\t\t<div class=\"elementor-element elementor-element-8c6b701 e-con-full e-flex e-con e-parent\" data-id=\"8c6b701\" data-element_type=\"container\">\n\t\t\t\t<div class=\"elementor-element elementor-element-2969d08 elementor-widget elementor-widget-template\" data-id=\"2969d08\" data-element_type=\"widget\" data-widget_type=\"template.default\">\n\t\t\t\t<div class=\"elementor-widget-container\">\n\t\t\t\t\t<div class=\"elementor-template\">\n\t\t\t\t\t<div data-elementor-type=\"section\" data-elementor-id=\"7623\" class=\"elementor elementor-7623 elementor-3474\" data-elementor-post-type=\"elementor_library\">\n\t\t\t<div class=\"elementor-element elementor-element-1228d6e e-con-full e-flex e-con e-parent\" data-id=\"1228d6e\" data-element_type=\"container\" data-settings=\"{&quot;background_background&quot;:&quot;classic&quot;}\">\n\t\t<div class=\"elementor-element elementor-element-53fdfa1 e-con-full e-flex e-con e-child\" data-id=\"53fdfa1\" data-element_type=\"container\" data-settings=\"{&quot;background_background&quot;:&quot;classic&quot;}\">\n\t\t<div class=\"elementor-element elementor-element-e57f774 e-con-full e-flex e-con e-child\" data-id=\"e57f774\" data-element_type=\"container\">\n\t\t<div class=\"elementor-element elementor-element-1597424 e-con-full e-flex e-con e-child\" data-id=\"1597424\" data-element_type=\"container\">\n\t\t\t\t<div class=\"elementor-element elementor-element-07eb0d3 elementor-widget__width-auto elementor-widget elementor-widget-heading\" data-id=\"07eb0d3\" data-element_type=\"widget\" data-widget_type=\"heading.default\">\n\t\t\t\t<div class=\"elementor-widget-container\">\n\t\t\t<h1 class=\"elementor-heading-title elementor-size-default\">News<\/h1>\t\t<\/div>\n\t\t\t\t<\/div>\n\t\t\t\t<\/div>\n\t\t\t\t<\/div>\n\t\t\t\t<\/div>\n\t\t\t\t<\/div>\n\t\t\t\t<\/div>\n\t\t\t\t<\/div>\n\t\t\t\t<\/div>\n\t\t\t\t<\/div>\n\t\t\t\t<\/div>\n\t\t\t\t<section class=\"elementor-section elementor-top-section elementor-element elementor-element-23e30e43 elementor-reverse-tablet elementor-reverse-mobile elementor-section-boxed elementor-section-height-default elementor-section-height-default\" data-id=\"23e30e43\" data-element_type=\"section\">\n\t\t\t\t\t\t\t<div class=\"elementor-background-overlay\"><\/div>\n\t\t\t\t\t\t\t<div class=\"elementor-container elementor-column-gap-default\">\n\t\t\t\t\t<div class=\"elementor-column elementor-col-100 elementor-top-column elementor-element elementor-element-2e1c7dcc\" data-id=\"2e1c7dcc\" data-element_type=\"column\">\n\t\t\t<div class=\"elementor-widget-wrap elementor-element-populated\">\n\t\t\t\t\t\t<section class=\"elementor-section elementor-inner-section elementor-element elementor-element-4eb793ce elementor-reverse-tablet elementor-reverse-mobile elementor-section-boxed elementor-section-height-default elementor-section-height-default\" data-id=\"4eb793ce\" data-element_type=\"section\">\n\t\t\t\t\t\t<div class=\"elementor-container elementor-column-gap-default\">\n\t\t\t\t\t<div class=\"elementor-column elementor-col-50 elementor-inner-column elementor-element elementor-element-534be12a\" data-id=\"534be12a\" data-element_type=\"column\">\n\t\t\t<div class=\"elementor-widget-wrap elementor-element-populated\">\n\t\t\t\t\t\t<div class=\"elementor-element elementor-element-004f250 elementor-widget elementor-widget-heading\" data-id=\"004f250\" data-element_type=\"widget\" data-widget_type=\"heading.default\">\n\t\t\t\t<div class=\"elementor-widget-container\">\n\t\t\t<h4 class=\"elementor-heading-title elementor-size-default\">Little Mezotne palace<\/h4>\t\t<\/div>\n\t\t\t\t<\/div>\n\t\t\t\t<div class=\"elementor-element elementor-element-6530fec elementor-widget elementor-widget-heading\" data-id=\"6530fec\" data-element_type=\"widget\" data-widget_type=\"heading.default\">\n\t\t\t\t<div class=\"elementor-widget-container\">\n\t\t\t<h3 class=\"elementor-heading-title elementor-size-default\">History<\/h3>\t\t<\/div>\n\t\t\t\t<\/div>\n\t\t\t\t<div class=\"elementor-element elementor-element-332f86b3 elementor-widget elementor-widget-text-editor\" data-id=\"332f86b3\" data-element_type=\"widget\" data-widget_type=\"text-editor.default\">\n\t\t\t\t<div class=\"elementor-widget-container\">\n\t\t\t\t\t\t\t<p>Me\u017eotne is an old and famous settlement located 10 km west of Bauska. This place was formed on the left bank of the Lielupe River, where the \u017demaitija &#8211; Me\u017eotne &#8211; Riga road crossed the river and where the Me\u017eotne mound and V\u012bnakalns still rise today. Already at the end of the 1st millennium, an ancient city was located between the two mountains.   The steep Me\u017eotne mound, the largest mound in Eastern Zemgale, was the center of Upmale county in the 9th-13th centuries.    This fortified mound was protected by high ramparts and moats, and archaeological excavations have found 14 buildings and 3,604 antiquities.<\/p>\n<p>Small Mezotne palace is located on the banks of Lielupe and is one of the buildings of the Me\u017eotne palace complex. Completely restored and renovated, the palace combines the style of the Age of Discovery with modern comfort, creating a special aura of mystery that meets today&#8217;s requirements.<\/p>\n<p>The first thing that strikes you when you enter the palace is the grand foyer, surrounded by dolomite walls, with a solid wooden staircase and a second-floor balcony.&nbsp;  Slightly mystical lighting, original ceiling decorations and a crystal chandelier give the room a unique atmosphere. On the first floor of the palace there is a spacious banquet hall, dining room and kitchen, while on the second floor there is a library and guest bedrooms, each decorated in its own unique style.<\/p>\n<p>Various concerts, exhibitions and art plein airs are regularly held in the palace and its surroundings, giving the place a lively and creative spirit.<\/p>\n<p>To learn more about Little Me\u017eotne Palace, watch the TV3 program where the owner Reg\u012bna Dei\u010dmane shares stories and information: <a href=\"https:\/\/tv3play.skaties.lv\/shows\/notiek-latvija,serial-3213294\/serija-3,episode-3261443\" target=\"_new\" rel=\"noreferrer nofollow noopener\">Happening in Latvia<\/a> .<\/p>\t\t\t\t\t\t<\/div>\n\t\t\t\t<\/div>\n\t\t\t\t\t<\/div>\n\t\t<\/div>\n\t\t\t\t<div class=\"elementor-column elementor-col-50 elementor-inner-column elementor-element elementor-element-5397b753\" data-id=\"5397b753\" data-element_type=\"column\">\n\t\t\t<div class=\"elementor-widget-wrap elementor-element-populated\">\n\t\t\t\t\t\t<div class=\"elementor-element elementor-element-644602c elementor-widget elementor-widget-heading\" data-id=\"644602c\" data-element_type=\"widget\" data-widget_type=\"heading.default\">\n\t\t\t\t<div class=\"elementor-widget-container\">\n\t\t\t<h4 class=\"elementor-heading-title elementor-size-default\">Questions &amp; Booking<\/h4>\t\t<\/div>\n\t\t\t\t<\/div>\n\t\t\t\t<div class=\"elementor-element elementor-element-756c2fc elementor-widget elementor-widget-heading\" data-id=\"756c2fc\" data-element_type=\"widget\" data-widget_type=\"heading.default\">\n\t\t\t\t<div class=\"elementor-widget-container\">\n\t\t\t<h3 class=\"elementor-heading-title elementor-size-default\">Contact us<\/h3>\t\t<\/div>\n\t\t\t\t<\/div>\n\t\t\t\t<div class=\"elementor-element elementor-element-9d5e2bc elementor-align-left elementor-icon-list--layout-traditional elementor-list-item-link-full_width elementor-widget elementor-widget-icon-list\" data-id=\"9d5e2bc\" data-element_type=\"widget\" data-widget_type=\"icon-list.default\">\n\t\t\t\t<div class=\"elementor-widget-container\">\n\t\t\t\t\t<ul class=\"elementor-icon-list-items\">\n\t\t\t\t\t\t\t<li class=\"elementor-icon-list-item\">\n\t\t\t\t\t\t\t\t\t\t\t<a href=\"mailto:info@mazamezotnespils.lv\">\n\n\t\t\t\t\t\t\t\t\t\t\t\t<span class=\"elementor-icon-list-icon\">\n\t\t\t\t\t\t\t<svg aria-hidden=\"true\" class=\"e-font-icon-svg e-far-envelope\" viewBox=\"0 0 512 512\" xmlns=\"http:\/\/www.w3.org\/2000\/svg\"><path d=\"M464 64H48C21.49 64 0 85.49 0 112v288c0 26.51 21.49 48 48 48h416c26.51 0 48-21.49 48-48V112c0-26.51-21.49-48-48-48zm0 48v40.805c-22.422 18.259-58.168 46.651-134.587 106.49-16.841 13.247-50.201 45.072-73.413 44.701-23.208.375-56.579-31.459-73.413-44.701C106.18 199.465 70.425 171.067 48 152.805V112h416zM48 400V214.398c22.914 18.251 55.409 43.862 104.938 82.646 21.857 17.205 60.134 55.186 103.062 54.955 42.717.231 80.509-37.199 103.053-54.947 49.528-38.783 82.032-64.401 104.947-82.653V400H48z\"><\/path><\/svg>\t\t\t\t\t\t<\/span>\n\t\t\t\t\t\t\t\t\t\t<span class=\"elementor-icon-list-text\">E-mail: info@mazamezotnespils.lv<\/span>\n\t\t\t\t\t\t\t\t\t\t\t<\/a>\n\t\t\t\t\t\t\t\t\t<\/li>\n\t\t\t\t\t\t\t\t<li class=\"elementor-icon-list-item\">\n\t\t\t\t\t\t\t\t\t\t\t<a href=\"https:\/\/maps.app.goo.gl\/ada73aUCGDbibD1Q7\" target=\"_blank\" rel=\"nofollow noopener\">\n\n\t\t\t\t\t\t\t\t\t\t\t\t<span class=\"elementor-icon-list-icon\">\n\t\t\t\t\t\t\t<svg aria-hidden=\"true\" class=\"e-font-icon-svg e-fas-map-marker-alt\" viewBox=\"0 0 384 512\" xmlns=\"http:\/\/www.w3.org\/2000\/svg\"><path d=\"M172.268 501.67C26.97 291.031 0 269.413 0 192 0 85.961 85.961 0 192 0s192 85.961 192 192c0 77.413-26.97 99.031-172.268 309.67-9.535 13.774-29.93 13.773-39.464 0zM192 272c44.183 0 80-35.817 80-80s-35.817-80-80-80-80 35.817-80 80 35.817 80 80 80z\"><\/path><\/svg>\t\t\t\t\t\t<\/span>\n\t\t\t\t\t\t\t\t\t\t<span class=\"elementor-icon-list-text\">Address: Maz\u0101 Me\u017eotnes pils, Bauska district, Me\u017eotne parish, Me\u017eotne, LV-3918<\/span>\n\t\t\t\t\t\t\t\t\t\t\t<\/a>\n\t\t\t\t\t\t\t\t\t<\/li>\n\t\t\t\t\t\t<\/ul>\n\t\t\t\t<\/div>\n\t\t\t\t<\/div>\n\t\t\t\t<div class=\"elementor-element elementor-element-157fdef elementor-widget elementor-widget-image\" data-id=\"157fdef\" data-element_type=\"widget\" data-widget_type=\"image.default\">\n\t\t\t\t<div class=\"elementor-widget-container\">\n\t\t\t\t\t\t\t\t\t\t\t\t\t\t<a href=\"https:\/\/www.google.com\/maps\/place\/Maz%C4%81+Me%C5%BEotnes+pils\/@56.4392999,24.0478075,17z\/data=!3m1!4b1!4m6!3m5!1s0x46e8c97c558bdeef:0xb705dcc380b3fbb1!8m2!3d56.4392999!4d24.0503824!16s%2Fg%2F11bt_89df0?entry=tts&#038;g_ep=EgoyMDI0MDcyMy4wKgBIAVAD\" target=\"_blank\" rel=\"nofollow noopener\">\n\t\t\t\t\t\t\t<img fetchpriority=\"high\" decoding=\"async\" width=\"448\" height=\"409\" src=\"https:\/\/mazamezotnespils.lv\/wp-content\/uploads\/2024\/07\/contactsv2.png\" class=\"attachment-full size-full wp-image-6109\" alt=\"\" srcset=\"https:\/\/mazamezotnespils.lv\/wp-content\/uploads\/2024\/07\/contactsv2.png 448w, https:\/\/mazamezotnespils.lv\/wp-content\/uploads\/2024\/07\/contactsv2-300x274.png 300w\" sizes=\"(max-width: 448px) 100vw, 448px\" \/>\t\t\t\t\t\t\t\t<\/a>\n\t\t\t\t\t\t\t\t\t\t\t\t\t<\/div>\n\t\t\t\t<\/div>\n\t\t\t\t\t<\/div>\n\t\t<\/div>\n\t\t\t\t\t<\/div>\n\t\t<\/section>\n\t\t\t\t\t<\/div>\n\t\t<\/div>\n\t\t\t\t\t<\/div>\n\t\t<\/section>\n\t\t\t\t<\/div>\n\t\t","protected":false},"excerpt":{"rendered":"<p>Little Mezotne palace History Me\u017eotne is an old and famous settlement located 10 km west of Bauska. This place was formed on the left bank of the Lielupe River, where the \u017demaitija &#8211; Me\u017eotne &#8211; Riga road crossed the river and where the Me\u017eotne mound and V\u012bnakalns still rise today. Already at the end of [&hellip;]<\/p>\n","protected":false},"author":4,"featured_media":0,"parent":0,"menu_order":0,"comment_status":"closed","ping_status":"closed","template":"","meta":{"_acf_changed":false,"footnotes":""},"class_list":["post-6452","page","type-page","status-publish","hentry"],"acf":[],"_links":{"self":[{"href":"https:\/\/mazamezotnespils.lv\/en\/wp-json\/wp\/v2\/pages\/6452"}],"collection":[{"href":"https:\/\/mazamezotnespils.lv\/en\/wp-json\/wp\/v2\/pages"}],"about":[{"href":"https:\/\/mazamezotnespils.lv\/en\/wp-json\/wp\/v2\/types\/page"}],"author":[{"embeddable":true,"href":"https:\/\/mazamezotnespils.lv\/en\/wp-json\/wp\/v2\/users\/4"}],"replies":[{"embeddable":true,"href":"https:\/\/mazamezotnespils.lv\/en\/wp-json\/wp\/v2\/comments?post=6452"}],"version-history":[{"count":24,"href":"https:\/\/mazamezotnespils.lv\/en\/wp-json\/wp\/v2\/pages\/6452\/revisions"}],"predecessor-version":[{"id":7648,"href":"https:\/\/mazamezotnespils.lv\/en\/wp-json\/wp\/v2\/pages\/6452\/revisions\/7648"}],"wp:attachment":[{"href":"https:\/\/mazamezotnespils.lv\/en\/wp-json\/wp\/v2\/media?parent=6452"}],"curies":[{"name":"wp","href":"https:\/\/api.w.org\/{rel}","templated":true}]}}